{"id":5033,"date":"2021-02-05T14:13:12","date_gmt":"2021-02-05T13:13:12","guid":{"rendered":"https:\/\/jobs.decathlon.ch\/mentions-legales\/"},"modified":"2021-05-12T12:03:45","modified_gmt":"2021-05-12T10:03:45","slug":"rechtliche-hinweise","status":"publish","type":"page","link":"https:\/\/jobs.decathlon.ch\/de\/rechtliche-hinweise\/","title":{"rendered":"Rechtliche Hinweise"},"content":{"rendered":"<h2><b>Herausgeber<\/b><\/h2>\n<p><span style=\"font-weight: 400;\">Die Website <\/span><a href=\"http:\/\/www.jobs.decathlon.ch\"><span style=\"font-weight: 400;\">www.jobs.decathlon.ch<\/span><\/a><span style=\"font-weight: 400;\"> wird von der folgenden Gesellschaft ver\u00f6ffentlicht:<\/span><\/p>\n<p><span style=\"font-weight: 400;\">DECATHLON SPORTS SWITZERLAND SA<\/span><\/p>\n<p><span style=\"font-weight: 400;\">Hauptsitz : Rue de Lausanne 20bis, 1201 Gen\u00e8ve<\/span><\/p>\n<p><span style=\"font-weight: 400;\">Registre du commerce : Gen\u00e8ve \u2013 num\u00e9ro CHE-106.127.042<\/span><\/p>\n<p><span style=\"font-weight: 400;\">Direktor der Ver\u00f6ffentlichung: Sylvain PELLETIER<\/span><\/p>\n<p>Wokine : <a href=\"https:\/\/www.wokine.com\/\">https:\/\/www.wokine.com\/<\/a><\/p>\n<h2><b>Host<\/b><\/h2>\n<p><span style=\"font-weight: 400;\">Name des Hosts: OVH<\/span><\/p>\n<p><span style=\"font-weight: 400;\">Adresse : <a>2 RUE KELLERMANN \/ <\/a><a>59100 ROUBAIX<\/a><\/span><\/p>\n<h2><b>Gewerbliches Eigentum<\/b><\/h2>\n<p><span style=\"font-weight: 400;\">Die vorliegende Website ist durch gewerbliche Eigentumsrechte gesch\u00fctzt, insbesondere durch Urheberrechte, Zeichnungen und Modelle, Marken, Domainnamen, Patente, Know-how, Software oder Datenbanken. Die DECATHLON SPORTS SWITZERLAND SA und\/oder ihre Partner bleiben Eigent\u00fcmer aller dieser Inhalte und der damit verbundenen Rechte.<\/span><\/p>\n<p><span style=\"font-weight: 400;\">DECATHLON SPORTS SWITZERLAND SA gew\u00e4hrt Ihnen eine begrenzte, nicht exklusive, widerrufbare und nicht unterlizenzierbare Lizenz f\u00fcr den Zugang, das Browsen und die Nutzung dieser Website. Diese Lizenz gew\u00e4hrt Ihnen keine weiteren Rechte, insbesondere nicht das Recht, diese Inhalte kommerziell zu verwerten.<\/span><\/p>\n","protected":false},"excerpt":{"rendered":"<p>Herausgeber Die Website www.jobs.decathlon.ch wird von der folgenden Gesellschaft ver\u00f6ffentlicht: DECATHLON SPORTS SWITZERLAND SA Hauptsitz : Rue de Lausanne 20bis, 1201 Gen\u00e8ve Registre du commerce : Gen\u00e8ve \u2013 num\u00e9ro CHE-106.127.042 Direktor der Ver\u00f6ffentlichung: Sylvain PELLETIER Wokine : https:\/\/www.wokine.com\/ Host Name des Hosts: OVH Adresse : 2 RUE KELLERMANN \/ 59100 ROUBAIX Gewerbliches Eigentum Die vorliegende [&hellip;]<\/p>\n","protected":false},"author":1,"featured_media":0,"parent":0,"menu_order":35,"comment_status":"closed","ping_status":"closed","template":"page-mentions-legales.php","meta":{"inline_featured_image":false,"footnotes":""},"class_list":["post-5033","page","type-page","status-publish","hentry"],"yoast_head":"<!-- This site is optimized with the Yoast SEO plugin v23.3 - https:\/\/yoast.com\/wordpress\/plugins\/seo\/ -->\n<title>Rechtliche Hinweise - Decathlon Recrutement<\/title>\n<meta name=\"robots\" content=\"index, follow, max-snippet:-1, max-image-preview:large, max-video-preview:-1\" \/>\n<link rel=\"canonical\" href=\"https:\/\/jobs.decathlon.ch\/de\/rechtliche-hinweise\/\" \/>\n<meta property=\"og:locale\" content=\"de_DE\" \/>\n<meta property=\"og:type\" content=\"article\" \/>\n<meta property=\"og:title\" content=\"Rechtliche Hinweise - Decathlon Recrutement\" \/>\n<meta property=\"og:description\" content=\"Herausgeber Die Website www.jobs.decathlon.ch wird von der folgenden Gesellschaft ver\u00f6ffentlicht: DECATHLON SPORTS SWITZERLAND SA Hauptsitz : Rue de Lausanne 20bis, 1201 Gen\u00e8ve Registre du commerce : Gen\u00e8ve \u2013 num\u00e9ro CHE-106.127.042 Direktor der Ver\u00f6ffentlichung: Sylvain PELLETIER Wokine : https:\/\/www.wokine.com\/ Host Name des Hosts: OVH Adresse : 2 RUE KELLERMANN \/ 59100 ROUBAIX Gewerbliches Eigentum Die vorliegende [&hellip;]\" \/>\n<meta property=\"og:url\" content=\"https:\/\/jobs.decathlon.ch\/de\/rechtliche-hinweise\/\" \/>\n<meta property=\"og:site_name\" content=\"Decathlon Recrutement\" \/>\n<meta property=\"article:publisher\" content=\"https:\/\/www.facebook.com\/decathlonCH\/\" \/>\n<meta property=\"article:modified_time\" content=\"2021-05-12T10:03:45+00:00\" \/>\n<meta property=\"og:image\" content=\"https:\/\/jobs.decathlon.ch\/wp-content\/uploads\/2021\/05\/opengraph.png\" \/>\n\t<meta property=\"og:image:width\" content=\"2400\" \/>\n\t<meta property=\"og:image:height\" content=\"1260\" \/>\n\t<meta property=\"og:image:type\" content=\"image\/png\" \/>\n<meta name=\"twitter:card\" content=\"summary_large_image\" \/>\n<meta name=\"twitter:label1\" content=\"Gesch\u00e4tzte Lesezeit\" \/>\n\t<meta name=\"twitter:data1\" content=\"1\u00a0Minute\" \/>\n<script type=\"application\/ld+json\" class=\"yoast-schema-graph\">{\"@context\":\"https:\/\/schema.org\",\"@graph\":[{\"@type\":\"WebPage\",\"@id\":\"https:\/\/jobs.decathlon.ch\/de\/rechtliche-hinweise\/\",\"url\":\"https:\/\/jobs.decathlon.ch\/de\/rechtliche-hinweise\/\",\"name\":\"Rechtliche Hinweise - Decathlon Recrutement\",\"isPartOf\":{\"@id\":\"https:\/\/jobs.decathlon.ch\/de\/#website\"},\"datePublished\":\"2021-02-05T13:13:12+00:00\",\"dateModified\":\"2021-05-12T10:03:45+00:00\",\"breadcrumb\":{\"@id\":\"https:\/\/jobs.decathlon.ch\/de\/rechtliche-hinweise\/#breadcrumb\"},\"inLanguage\":\"de\",\"potentialAction\":[{\"@type\":\"ReadAction\",\"target\":[\"https:\/\/jobs.decathlon.ch\/de\/rechtliche-hinweise\/\"]}]},{\"@type\":\"BreadcrumbList\",\"@id\":\"https:\/\/jobs.decathlon.ch\/de\/rechtliche-hinweise\/#breadcrumb\",\"itemListElement\":[{\"@type\":\"ListItem\",\"position\":1,\"name\":\"Home\",\"item\":\"https:\/\/jobs.decathlon.ch\/de\/\"},{\"@type\":\"ListItem\",\"position\":2,\"name\":\"Rechtliche Hinweise\"}]},{\"@type\":\"WebSite\",\"@id\":\"https:\/\/jobs.decathlon.ch\/de\/#website\",\"url\":\"https:\/\/jobs.decathlon.ch\/de\/\",\"name\":\"Decathlon Recrutement\",\"description\":\"\",\"publisher\":{\"@id\":\"https:\/\/jobs.decathlon.ch\/de\/#organization\"},\"potentialAction\":[{\"@type\":\"SearchAction\",\"target\":{\"@type\":\"EntryPoint\",\"urlTemplate\":\"https:\/\/jobs.decathlon.ch\/de\/?s={search_term_string}\"},\"query-input\":\"required name=search_term_string\"}],\"inLanguage\":\"de\"},{\"@type\":\"Organization\",\"@id\":\"https:\/\/jobs.decathlon.ch\/de\/#organization\",\"name\":\"Decathlon Recrutement\",\"url\":\"https:\/\/jobs.decathlon.ch\/de\/\",\"logo\":{\"@type\":\"ImageObject\",\"inLanguage\":\"de\",\"@id\":\"https:\/\/jobs.decathlon.ch\/de\/#\/schema\/logo\/image\/\",\"url\":\"https:\/\/jobs.decathlon.ch\/wp-content\/uploads\/2021\/04\/favicon.png\",\"contentUrl\":\"https:\/\/jobs.decathlon.ch\/wp-content\/uploads\/2021\/04\/favicon.png\",\"width\":128,\"height\":128,\"caption\":\"Decathlon Recrutement\"},\"image\":{\"@id\":\"https:\/\/jobs.decathlon.ch\/de\/#\/schema\/logo\/image\/\"},\"sameAs\":[\"https:\/\/www.facebook.com\/decathlonCH\/\",\"https:\/\/www.instagram.com\/decathlon_ch\/\",\"https:\/\/www.linkedin.com\/company\/decathlon-switzerland\/\"]}]}<\/script>\n<!-- \/ Yoast SEO plugin. -->","yoast_head_json":{"title":"Rechtliche Hinweise - Decathlon Recrutement","robots":{"index":"index","follow":"follow","max-snippet":"max-snippet:-1","max-image-preview":"max-image-preview:large","max-video-preview":"max-video-preview:-1"},"canonical":"https:\/\/jobs.decathlon.ch\/de\/rechtliche-hinweise\/","og_locale":"de_DE","og_type":"article","og_title":"Rechtliche Hinweise - Decathlon Recrutement","og_description":"Herausgeber Die Website www.jobs.decathlon.ch wird von der folgenden Gesellschaft ver\u00f6ffentlicht: DECATHLON SPORTS SWITZERLAND SA Hauptsitz : Rue de Lausanne 20bis, 1201 Gen\u00e8ve Registre du commerce : Gen\u00e8ve \u2013 num\u00e9ro CHE-106.127.042 Direktor der Ver\u00f6ffentlichung: Sylvain PELLETIER Wokine : https:\/\/www.wokine.com\/ Host Name des Hosts: OVH Adresse : 2 RUE KELLERMANN \/ 59100 ROUBAIX Gewerbliches Eigentum Die vorliegende [&hellip;]","og_url":"https:\/\/jobs.decathlon.ch\/de\/rechtliche-hinweise\/","og_site_name":"Decathlon Recrutement","article_publisher":"https:\/\/www.facebook.com\/decathlonCH\/","article_modified_time":"2021-05-12T10:03:45+00:00","og_image":[{"width":2400,"height":1260,"url":"https:\/\/jobs.decathlon.ch\/wp-content\/uploads\/2021\/05\/opengraph.png","type":"image\/png"}],"twitter_card":"summary_large_image","twitter_misc":{"Gesch\u00e4tzte Lesezeit":"1\u00a0Minute"},"schema":{"@context":"https:\/\/schema.org","@graph":[{"@type":"WebPage","@id":"https:\/\/jobs.decathlon.ch\/de\/rechtliche-hinweise\/","url":"https:\/\/jobs.decathlon.ch\/de\/rechtliche-hinweise\/","name":"Rechtliche Hinweise - Decathlon Recrutement","isPartOf":{"@id":"https:\/\/jobs.decathlon.ch\/de\/#website"},"datePublished":"2021-02-05T13:13:12+00:00","dateModified":"2021-05-12T10:03:45+00:00","breadcrumb":{"@id":"https:\/\/jobs.decathlon.ch\/de\/rechtliche-hinweise\/#breadcrumb"},"inLanguage":"de","potentialAction":[{"@type":"ReadAction","target":["https:\/\/jobs.decathlon.ch\/de\/rechtliche-hinweise\/"]}]},{"@type":"BreadcrumbList","@id":"https:\/\/jobs.decathlon.ch\/de\/rechtliche-hinweise\/#breadcrumb","itemListElement":[{"@type":"ListItem","position":1,"name":"Home","item":"https:\/\/jobs.decathlon.ch\/de\/"},{"@type":"ListItem","position":2,"name":"Rechtliche Hinweise"}]},{"@type":"WebSite","@id":"https:\/\/jobs.decathlon.ch\/de\/#website","url":"https:\/\/jobs.decathlon.ch\/de\/","name":"Decathlon Recrutement","description":"","publisher":{"@id":"https:\/\/jobs.decathlon.ch\/de\/#organization"},"potentialAction":[{"@type":"SearchAction","target":{"@type":"EntryPoint","urlTemplate":"https:\/\/jobs.decathlon.ch\/de\/?s={search_term_string}"},"query-input":"required name=search_term_string"}],"inLanguage":"de"},{"@type":"Organization","@id":"https:\/\/jobs.decathlon.ch\/de\/#organization","name":"Decathlon Recrutement","url":"https:\/\/jobs.decathlon.ch\/de\/","logo":{"@type":"ImageObject","inLanguage":"de","@id":"https:\/\/jobs.decathlon.ch\/de\/#\/schema\/logo\/image\/","url":"https:\/\/jobs.decathlon.ch\/wp-content\/uploads\/2021\/04\/favicon.png","contentUrl":"https:\/\/jobs.decathlon.ch\/wp-content\/uploads\/2021\/04\/favicon.png","width":128,"height":128,"caption":"Decathlon Recrutement"},"image":{"@id":"https:\/\/jobs.decathlon.ch\/de\/#\/schema\/logo\/image\/"},"sameAs":["https:\/\/www.facebook.com\/decathlonCH\/","https:\/\/www.instagram.com\/decathlon_ch\/","https:\/\/www.linkedin.com\/company\/decathlon-switzerland\/"]}]}},"_links":{"self":[{"href":"https:\/\/jobs.decathlon.ch\/de\/wp-json\/wp\/v2\/pages\/5033","targetHints":{"allow":["GET"]}}],"collection":[{"href":"https:\/\/jobs.decathlon.ch\/de\/wp-json\/wp\/v2\/pages"}],"about":[{"href":"https:\/\/jobs.decathlon.ch\/de\/wp-json\/wp\/v2\/types\/page"}],"author":[{"embeddable":true,"href":"https:\/\/jobs.decathlon.ch\/de\/wp-json\/wp\/v2\/users\/1"}],"replies":[{"embeddable":true,"href":"https:\/\/jobs.decathlon.ch\/de\/wp-json\/wp\/v2\/comments?post=5033"}],"version-history":[{"count":12,"href":"https:\/\/jobs.decathlon.ch\/de\/wp-json\/wp\/v2\/pages\/5033\/revisions"}],"predecessor-version":[{"id":7117,"href":"https:\/\/jobs.decathlon.ch\/de\/wp-json\/wp\/v2\/pages\/5033\/revisions\/7117"}],"wp:attachment":[{"href":"https:\/\/jobs.decathlon.ch\/de\/wp-json\/wp\/v2\/media?parent=5033"}],"curies":[{"name":"wp","href":"https:\/\/api.w.org\/{rel}","templated":true}]}}